{"id":1565,"date":"2017-04-24T09:14:08","date_gmt":"2017-04-24T07:14:08","guid":{"rendered":"https:\/\/www.drfoto.at\/?page_id=1565"},"modified":"2023-02-21T20:46:28","modified_gmt":"2023-02-21T19:46:28","slug":"home","status":"publish","type":"page","link":"https:\/\/www.drfoto.at\/de\/","title":{"rendered":"Fotograf in Wien 1070 &#8211; Buchen Sie Ihr Fotoshooting!"},"content":{"rendered":"<div id=\"pl-1565\"  class=\"panel-layout\" ><div id=\"pg-1565-0\"  class=\"panel-grid panel-has-style\" ><div style=\"text-align: center;padding: 0px 0; \" data-overlay=\"true\" data-overlay-color=\"#000000\" class=\"panel-row-style panel-row-style-for-1565-0\" ><div id=\"pgc-1565-0-0\"  class=\"panel-grid-cell\" ><div id=\"panel-1565-0-0-0\" class=\"so-panel widget widget_shortcodes-ultimate shortcodes-ultimate panel-first-child\" data-index=\"0\" ><div style=\"text-align: left;\" data-title-color=\"#443f3f\" data-headings-color=\"#443f3f\" class=\"panel-widget-style panel-widget-style-for-1565-0-0-0\" ><h3 class=\"widget-title\">EN<\/h3><div class=\"textwidget\"><\/div><\/div><\/div><div id=\"panel-1565-0-0-7\" class=\"so-panel widget widget_sow-editor\" data-index=\"7\" ><div style=\"text-align: center;\" data-title-color=\"#443f3f\" data-headings-color=\"#443f3f\" class=\"panel-widget-style panel-widget-style-for-1565-0-0-7\" ><div\n\t\t\t\n\t\t\tclass=\"so-widget-sow-editor so-widget-sow-editor-base\"\n\t\t\t\n\t\t>\n<div class=\"siteorigin-widget-tinymce textwidget\">\n\t<p>Ich bin professioneller Fotograf und ich biete Ihnen ein Fotoshooting in meinem Fotostudio in 1070 Wien an.<\/p>\n<p>Als Fotograf habe ich mehr als zehn Jahre Erfahrung und habe mit mehr als hundert \"normalen Menschen\" (keine Models) zusammengearbeitet. Deshalb weiss ich genau, mit welchem Licht und welchen Posen ich Ihre Schokoladenseite zeigen kann.<\/p>\n<\/div>\n<\/div><\/div><\/div><div id=\"panel-1565-0-0-8\" class=\"so-panel widget widget_sydney_testimonials sydney_testimonials_widget\" data-index=\"8\" ><div style=\"text-align: left;\" data-title-color=\"#443f3f\" data-headings-color=\"#443f3f\" class=\"panel-widget-style panel-widget-style-for-1565-0-0-8\" >\t\t\t<h3 class=\"widget-title\">Super Fotos, gl\u00fcckliche Kunden<\/h3>\t\t\t<div class=\"col-md-12\">\r\n\t\t\t\t<div class=\"roll-testimonials\" data-autoplay=\"5000\">\r\n\t\t\t\t\t\t\t\t\t\t\t                        <div class=\"customer\">\r\n                            <blockquote class=\"whisper\"><p>Ein Meister des Lichts! Jederzeit gerne wieder!<\/p>\n<\/blockquote>                               \r\n                                                            \r\n                            <div class=\"name\">\r\n                            \tKate                            \t<span><\/span>\r\n                            <\/div>\r\n                        <\/div>\r\n\t\t\t\t\t\t\t\t\t\t\t                        <div class=\"customer\">\r\n                            <blockquote class=\"whisper\"><p>Es war echt ein wundervolles shooting. Der Fotograf ist echt genial und Herr in seinem Element. Er hat so viele ideen und wei\u00df diese auch immer richtig umzusetzen. ;))<\/p>\n<\/blockquote>                               \r\n                                                            \r\n                            <div class=\"name\">\r\n                            \tAndreas                            \t<span><\/span>\r\n                            <\/div>\r\n                        <\/div>\r\n\t\t\t\t\t\t\t\t\t\t\t                        <div class=\"customer\">\r\n                            <blockquote class=\"whisper\"><p>War ein gro\u00dfartiges Shooting und es sind viele tolle Bilder entstanden!!<\/p>\n<\/blockquote>                               \r\n                                                            \r\n                            <div class=\"name\">\r\n                            \tKathi                            \t<span><\/span>\r\n                            <\/div>\r\n                        <\/div>\r\n\t\t\t\t\t\t\t\t\t\t\t                        <div class=\"customer\">\r\n                            <blockquote class=\"whisper\"><p>Du bist sehr gut auf meine Vorschl\u00e4ge eingegangen, jedoch war ich auch unglaublich dankbar und froh \u00fcber die deinigen hilfreichen Instruktionen. Du warst durchgehend um mein Wohlbefinden bem\u00fcht!! Gerne wieder!!<\/p>\n<\/blockquote>                               \r\n                                                            \r\n                            <div class=\"name\">\r\n                            \tKerstin                            \t<span><\/span>\r\n                            <\/div>\r\n                        <\/div>\r\n\t\t\t\t\t\t\t\t\t\t\t                        <div class=\"customer\">\r\n                            <blockquote class=\"whisper\"><p>Super Fotograf, super Ergebnisse!<\/p>\n<\/blockquote>                               \r\n                                                            \r\n                            <div class=\"name\">\r\n                            \tIris                            \t<span><\/span>\r\n                            <\/div>\r\n                        <\/div>\r\n\t\t\t\t\t\t\t\t\t\t\t                        <div class=\"customer\">\r\n                            <blockquote class=\"whisper\"><p>Irrsinnig tolles und abwechslungsreiches Shooting!<br \/>\nTolles Fotos! Jederzeit wieder!<\/p>\n<\/blockquote>                               \r\n                                                            \r\n                            <div class=\"name\">\r\n                            \tFaye                            \t<span><\/span>\r\n                            <\/div>\r\n                        <\/div>\r\n\t\t\t\t\t\t\t\t\t<\/div>\r\n\t\t\t<\/div>\t\r\n\r\n\t\t\t\t\r\n\r\n\t<\/div><\/div><div id=\"panel-1565-0-0-9\" class=\"so-panel widget widget_sow-editor\" data-index=\"9\" ><div style=\"text-align: center;\" data-title-color=\"#443f3f\" data-headings-color=\"#443f3f\" class=\"panel-widget-style panel-widget-style-for-1565-0-0-9\" ><div\n\t\t\t\n\t\t\tclass=\"so-widget-sow-editor so-widget-sow-editor-base\"\n\t\t\t\n\t\t>\n<div class=\"siteorigin-widget-tinymce textwidget\">\n\t<p><strong>Professionell:<\/strong> Mein Fotostudio ist eines der besten in Wien.<\/p>\n<p><strong>Erfahren: <\/strong>Ich habe hunderte Fotoshootings in den letzten 10 Jahren gehabt.<\/p>\n<p><strong>Sicher:<\/strong> bei einem Fotoshooting ist immer eine Assistentin dabei.<\/p>\n<p><strong>Diskret: <\/strong>Ich werde nie Ihre Fotos ohne Ihre Genehmigung ver\u00f6ffentlichen.<br \/>\n&nbsp;<\/p>\n<\/div>\n<\/div><\/div><\/div><div id=\"panel-1565-0-0-10\" class=\"so-panel widget widget_sydney_portfolio sydney_portfolio_widget\" data-index=\"10\" ><div style=\"text-align: center;\" data-title-color=\"#443f3f\" data-headings-color=\"#443f3f\" class=\"panel-widget-style panel-widget-style-for-1565-0-0-10\" ><div class=\"project-wrap\"><div class=\"roll-project fullwidth\"><div class=\"isotope-container\" data-portfolio-effect=\"fadeInUp\"><div class=\"project-item item isotope-item german \"><a class=\"project-pop-wrap\" href=\"https:\/\/www.drfoto.at\/de\/weddings\/\"><div class=\"project-pop\"><\/div><div class=\"project-title-wrap\"><div class=\"project-title\"><span>Hochzeiten<\/span><\/div><\/div><\/a><a href=\"https:\/\/www.drfoto.at\/de\/weddings\/\"><img loading=\"lazy\" decoding=\"async\" width=\"480\" height=\"480\" src=\"https:\/\/www.drfoto.at\/wp-content\/uploads\/2016\/12\/Dr_Colin_Vickers_20150707_1_DSC_7575-3-480x480.jpg\" class=\"attachment-sydney-mas-thumb size-sydney-mas-thumb wp-post-image\" alt=\"Hochzeits Fotograf Wien\" srcset=\"https:\/\/www.drfoto.at\/wp-content\/uploads\/2016\/12\/Dr_Colin_Vickers_20150707_1_DSC_7575-3-480x480.jpg 480w, https:\/\/www.drfoto.at\/wp-content\/uploads\/2016\/12\/Dr_Colin_Vickers_20150707_1_DSC_7575-3-300x300.jpg 300w, https:\/\/www.drfoto.at\/wp-content\/uploads\/2016\/12\/Dr_Colin_Vickers_20150707_1_DSC_7575-3-100x100.jpg 100w, https:\/\/www.drfoto.at\/wp-content\/uploads\/2016\/12\/Dr_Colin_Vickers_20150707_1_DSC_7575-3-600x600.jpg 600w, https:\/\/www.drfoto.at\/wp-content\/uploads\/2016\/12\/Dr_Colin_Vickers_20150707_1_DSC_7575-3-150x150.jpg 150w, https:\/\/www.drfoto.at\/wp-content\/uploads\/2016\/12\/Dr_Colin_Vickers_20150707_1_DSC_7575-3-768x768.jpg 768w, https:\/\/www.drfoto.at\/wp-content\/uploads\/2016\/12\/Dr_Colin_Vickers_20150707_1_DSC_7575-3-1024x1024.jpg 1024w, https:\/\/www.drfoto.at\/wp-content\/uploads\/2016\/12\/Dr_Colin_Vickers_20150707_1_DSC_7575-3-830x830.jpg 830w, https:\/\/www.drfoto.at\/wp-content\/uploads\/2016\/12\/Dr_Colin_Vickers_20150707_1_DSC_7575-3-230x230.jpg 230w, https:\/\/www.drfoto.at\/wp-content\/uploads\/2016\/12\/Dr_Colin_Vickers_20150707_1_DSC_7575-3-350x350.jpg 350w, https:\/\/www.drfoto.at\/wp-content\/uploads\/2016\/12\/Dr_Colin_Vickers_20150707_1_DSC_7575-3-45x45.jpg 45w, https:\/\/www.drfoto.at\/wp-content\/uploads\/2016\/12\/Dr_Colin_Vickers_20150707_1_DSC_7575-3-200x200.jpg 200w, https:\/\/www.drfoto.at\/wp-content\/uploads\/2016\/12\/Dr_Colin_Vickers_20150707_1_DSC_7575-3-400x400.jpg 400w, https:\/\/www.drfoto.at\/wp-content\/uploads\/2016\/12\/Dr_Colin_Vickers_20150707_1_DSC_7575-3.jpg 1200w\" sizes=\"auto, (max-width: 480px) 100vw, 480px\" \/><\/a><\/div><div class=\"project-item item isotope-item german \"><a class=\"project-pop-wrap\" href=\"https:\/\/www.drfoto.at\/de\/vacations\/\"><div class=\"project-pop\"><\/div><div class=\"project-title-wrap\"><div class=\"project-title\"><span>Ferien Fotoshootings<\/span><\/div><\/div><\/a><a href=\"https:\/\/www.drfoto.at\/de\/vacations\/\"><img loading=\"lazy\" decoding=\"async\" width=\"480\" height=\"480\" src=\"https:\/\/www.drfoto.at\/wp-content\/uploads\/2018\/02\/Dr_Colin_Vickers_20171117_1_DSC_8774-2-Edit-480x480.jpg\" class=\"attachment-sydney-mas-thumb size-sydney-mas-thumb wp-post-image\" alt=\"Ferien Fotograf Wien\" srcset=\"https:\/\/www.drfoto.at\/wp-content\/uploads\/2018\/02\/Dr_Colin_Vickers_20171117_1_DSC_8774-2-Edit-480x480.jpg 480w, https:\/\/www.drfoto.at\/wp-content\/uploads\/2018\/02\/Dr_Colin_Vickers_20171117_1_DSC_8774-2-Edit-100x100.jpg 100w, https:\/\/www.drfoto.at\/wp-content\/uploads\/2018\/02\/Dr_Colin_Vickers_20171117_1_DSC_8774-2-Edit-150x150.jpg 150w, https:\/\/www.drfoto.at\/wp-content\/uploads\/2018\/02\/Dr_Colin_Vickers_20171117_1_DSC_8774-2-Edit-300x300.jpg 300w, https:\/\/www.drfoto.at\/wp-content\/uploads\/2018\/02\/Dr_Colin_Vickers_20171117_1_DSC_8774-2-Edit-768x768.jpg 768w, https:\/\/www.drfoto.at\/wp-content\/uploads\/2018\/02\/Dr_Colin_Vickers_20171117_1_DSC_8774-2-Edit-1024x1024.jpg 1024w, https:\/\/www.drfoto.at\/wp-content\/uploads\/2018\/02\/Dr_Colin_Vickers_20171117_1_DSC_8774-2-Edit-830x830.jpg 830w, https:\/\/www.drfoto.at\/wp-content\/uploads\/2018\/02\/Dr_Colin_Vickers_20171117_1_DSC_8774-2-Edit-230x230.jpg 230w, https:\/\/www.drfoto.at\/wp-content\/uploads\/2018\/02\/Dr_Colin_Vickers_20171117_1_DSC_8774-2-Edit-350x350.jpg 350w, https:\/\/www.drfoto.at\/wp-content\/uploads\/2018\/02\/Dr_Colin_Vickers_20171117_1_DSC_8774-2-Edit-600x600.jpg 600w, https:\/\/www.drfoto.at\/wp-content\/uploads\/2018\/02\/Dr_Colin_Vickers_20171117_1_DSC_8774-2-Edit.jpg 1200w\" sizes=\"auto, (max-width: 480px) 100vw, 480px\" \/><\/a><\/div><div class=\"project-item item isotope-item german \"><a class=\"project-pop-wrap\" href=\"https:\/\/www.drfoto.at\/de\/art\/\"><div class=\"project-pop\"><\/div><div class=\"project-title-wrap\"><div class=\"project-title\"><span>Kunst<br>Fotoshootings<\/span><\/div><\/div><\/a><a href=\"https:\/\/www.drfoto.at\/de\/art\/\"><img loading=\"lazy\" decoding=\"async\" width=\"480\" height=\"480\" src=\"https:\/\/www.drfoto.at\/wp-content\/uploads\/2017\/01\/Dr_Colin_Vickers_20170425_1_DSC_5093-4-480x480.jpg\" class=\"attachment-sydney-mas-thumb size-sydney-mas-thumb wp-post-image\" alt=\"Kunst Fotograf Wien\" srcset=\"https:\/\/www.drfoto.at\/wp-content\/uploads\/2017\/01\/Dr_Colin_Vickers_20170425_1_DSC_5093-4-480x480.jpg 480w, https:\/\/www.drfoto.at\/wp-content\/uploads\/2017\/01\/Dr_Colin_Vickers_20170425_1_DSC_5093-4-300x300.jpg 300w, https:\/\/www.drfoto.at\/wp-content\/uploads\/2017\/01\/Dr_Colin_Vickers_20170425_1_DSC_5093-4-100x100.jpg 100w, https:\/\/www.drfoto.at\/wp-content\/uploads\/2017\/01\/Dr_Colin_Vickers_20170425_1_DSC_5093-4-600x600.jpg 600w, https:\/\/www.drfoto.at\/wp-content\/uploads\/2017\/01\/Dr_Colin_Vickers_20170425_1_DSC_5093-4-150x150.jpg 150w, https:\/\/www.drfoto.at\/wp-content\/uploads\/2017\/01\/Dr_Colin_Vickers_20170425_1_DSC_5093-4-768x768.jpg 768w, https:\/\/www.drfoto.at\/wp-content\/uploads\/2017\/01\/Dr_Colin_Vickers_20170425_1_DSC_5093-4-1024x1024.jpg 1024w, https:\/\/www.drfoto.at\/wp-content\/uploads\/2017\/01\/Dr_Colin_Vickers_20170425_1_DSC_5093-4-830x830.jpg 830w, https:\/\/www.drfoto.at\/wp-content\/uploads\/2017\/01\/Dr_Colin_Vickers_20170425_1_DSC_5093-4-230x230.jpg 230w, https:\/\/www.drfoto.at\/wp-content\/uploads\/2017\/01\/Dr_Colin_Vickers_20170425_1_DSC_5093-4-350x350.jpg 350w, https:\/\/www.drfoto.at\/wp-content\/uploads\/2017\/01\/Dr_Colin_Vickers_20170425_1_DSC_5093-4.jpg 1200w\" sizes=\"auto, (max-width: 480px) 100vw, 480px\" \/><\/a><\/div><div class=\"project-item item isotope-item german \"><a class=\"project-pop-wrap\" href=\"https:\/\/www.drfoto.at\/de\/maternity\/\"><div class=\"project-pop\"><\/div><div class=\"project-title-wrap\"><div class=\"project-title\"><span>Babybauch<br>Fotoshootings<\/span><\/div><\/div><\/a><a href=\"https:\/\/www.drfoto.at\/de\/maternity\/\"><img loading=\"lazy\" decoding=\"async\" width=\"480\" height=\"480\" src=\"https:\/\/www.drfoto.at\/wp-content\/uploads\/2017\/01\/Dr_Colin_Vickers_20160423_1_DSC_0123-5-480x480.jpg\" class=\"attachment-sydney-mas-thumb size-sydney-mas-thumb wp-post-image\" alt=\"Babybauch Fotograf Wien\" srcset=\"https:\/\/www.drfoto.at\/wp-content\/uploads\/2017\/01\/Dr_Colin_Vickers_20160423_1_DSC_0123-5-480x480.jpg 480w, https:\/\/www.drfoto.at\/wp-content\/uploads\/2017\/01\/Dr_Colin_Vickers_20160423_1_DSC_0123-5-300x300.jpg 300w, https:\/\/www.drfoto.at\/wp-content\/uploads\/2017\/01\/Dr_Colin_Vickers_20160423_1_DSC_0123-5-100x100.jpg 100w, https:\/\/www.drfoto.at\/wp-content\/uploads\/2017\/01\/Dr_Colin_Vickers_20160423_1_DSC_0123-5-600x600.jpg 600w, https:\/\/www.drfoto.at\/wp-content\/uploads\/2017\/01\/Dr_Colin_Vickers_20160423_1_DSC_0123-5-150x150.jpg 150w, https:\/\/www.drfoto.at\/wp-content\/uploads\/2017\/01\/Dr_Colin_Vickers_20160423_1_DSC_0123-5-768x768.jpg 768w, https:\/\/www.drfoto.at\/wp-content\/uploads\/2017\/01\/Dr_Colin_Vickers_20160423_1_DSC_0123-5-830x830.jpg 830w, https:\/\/www.drfoto.at\/wp-content\/uploads\/2017\/01\/Dr_Colin_Vickers_20160423_1_DSC_0123-5-230x230.jpg 230w, https:\/\/www.drfoto.at\/wp-content\/uploads\/2017\/01\/Dr_Colin_Vickers_20160423_1_DSC_0123-5-350x350.jpg 350w, https:\/\/www.drfoto.at\/wp-content\/uploads\/2017\/01\/Dr_Colin_Vickers_20160423_1_DSC_0123-5-45x45.jpg 45w, https:\/\/www.drfoto.at\/wp-content\/uploads\/2017\/01\/Dr_Colin_Vickers_20160423_1_DSC_0123-5-200x200.jpg 200w, https:\/\/www.drfoto.at\/wp-content\/uploads\/2017\/01\/Dr_Colin_Vickers_20160423_1_DSC_0123-5-400x400.jpg 400w, https:\/\/www.drfoto.at\/wp-content\/uploads\/2017\/01\/Dr_Colin_Vickers_20160423_1_DSC_0123-5.jpg 1000w\" sizes=\"auto, (max-width: 480px) 100vw, 480px\" \/><\/a><\/div><div class=\"project-item item isotope-item german \"><a class=\"project-pop-wrap\" href=\"https:\/\/www.drfoto.at\/de\/headshots\/\"><div class=\"project-pop\"><\/div><div class=\"project-title-wrap\"><div class=\"project-title\"><span>Business<br>Portr\u00e4t<br>Fotoshootings<\/span><\/div><\/div><\/a><a href=\"https:\/\/www.drfoto.at\/de\/headshots\/\"><img loading=\"lazy\" decoding=\"async\" width=\"480\" height=\"480\" src=\"https:\/\/www.drfoto.at\/wp-content\/uploads\/2016\/12\/Dr_Colin_Vickers_20170218_1_DSC_6912-480x480.jpg\" class=\"attachment-sydney-mas-thumb size-sydney-mas-thumb wp-post-image\" alt=\"Headshot Fotograf Wien\" srcset=\"https:\/\/www.drfoto.at\/wp-content\/uploads\/2016\/12\/Dr_Colin_Vickers_20170218_1_DSC_6912-480x480.jpg 480w, https:\/\/www.drfoto.at\/wp-content\/uploads\/2016\/12\/Dr_Colin_Vickers_20170218_1_DSC_6912-300x300.jpg 300w, https:\/\/www.drfoto.at\/wp-content\/uploads\/2016\/12\/Dr_Colin_Vickers_20170218_1_DSC_6912-100x100.jpg 100w, https:\/\/www.drfoto.at\/wp-content\/uploads\/2016\/12\/Dr_Colin_Vickers_20170218_1_DSC_6912-600x600.jpg 600w, https:\/\/www.drfoto.at\/wp-content\/uploads\/2016\/12\/Dr_Colin_Vickers_20170218_1_DSC_6912-150x150.jpg 150w, https:\/\/www.drfoto.at\/wp-content\/uploads\/2016\/12\/Dr_Colin_Vickers_20170218_1_DSC_6912-768x768.jpg 768w, https:\/\/www.drfoto.at\/wp-content\/uploads\/2016\/12\/Dr_Colin_Vickers_20170218_1_DSC_6912-830x830.jpg 830w, https:\/\/www.drfoto.at\/wp-content\/uploads\/2016\/12\/Dr_Colin_Vickers_20170218_1_DSC_6912-230x230.jpg 230w, https:\/\/www.drfoto.at\/wp-content\/uploads\/2016\/12\/Dr_Colin_Vickers_20170218_1_DSC_6912-350x350.jpg 350w, https:\/\/www.drfoto.at\/wp-content\/uploads\/2016\/12\/Dr_Colin_Vickers_20170218_1_DSC_6912-45x45.jpg 45w, https:\/\/www.drfoto.at\/wp-content\/uploads\/2016\/12\/Dr_Colin_Vickers_20170218_1_DSC_6912-200x200.jpg 200w, https:\/\/www.drfoto.at\/wp-content\/uploads\/2016\/12\/Dr_Colin_Vickers_20170218_1_DSC_6912-400x400.jpg 400w, https:\/\/www.drfoto.at\/wp-content\/uploads\/2016\/12\/Dr_Colin_Vickers_20170218_1_DSC_6912.jpg 1000w\" sizes=\"auto, (max-width: 480px) 100vw, 480px\" \/><\/a><\/div><div class=\"project-item item isotope-item german \"><a class=\"project-pop-wrap\" href=\"https:\/\/www.drfoto.at\/de\/portraits\/\"><div class=\"project-pop\"><\/div><div class=\"project-title-wrap\"><div class=\"project-title\"><span>Portr\u00e4t<br>Fotoshootings<\/span><\/div><\/div><\/a><a href=\"https:\/\/www.drfoto.at\/de\/portraits\/\"><img loading=\"lazy\" decoding=\"async\" width=\"480\" height=\"480\" src=\"https:\/\/www.drfoto.at\/wp-content\/uploads\/2016\/12\/Dr_Colin_Vickers_20150414_1_DSC_6274-6-480x480.jpg\" class=\"attachment-sydney-mas-thumb size-sydney-mas-thumb wp-post-image\" alt=\"Portr\u00e4t Fotograf Wien\" srcset=\"https:\/\/www.drfoto.at\/wp-content\/uploads\/2016\/12\/Dr_Colin_Vickers_20150414_1_DSC_6274-6-480x480.jpg 480w, https:\/\/www.drfoto.at\/wp-content\/uploads\/2016\/12\/Dr_Colin_Vickers_20150414_1_DSC_6274-6-300x300.jpg 300w, https:\/\/www.drfoto.at\/wp-content\/uploads\/2016\/12\/Dr_Colin_Vickers_20150414_1_DSC_6274-6-100x100.jpg 100w, https:\/\/www.drfoto.at\/wp-content\/uploads\/2016\/12\/Dr_Colin_Vickers_20150414_1_DSC_6274-6-600x600.jpg 600w, https:\/\/www.drfoto.at\/wp-content\/uploads\/2016\/12\/Dr_Colin_Vickers_20150414_1_DSC_6274-6-150x150.jpg 150w, https:\/\/www.drfoto.at\/wp-content\/uploads\/2016\/12\/Dr_Colin_Vickers_20150414_1_DSC_6274-6-768x768.jpg 768w, https:\/\/www.drfoto.at\/wp-content\/uploads\/2016\/12\/Dr_Colin_Vickers_20150414_1_DSC_6274-6-830x830.jpg 830w, https:\/\/www.drfoto.at\/wp-content\/uploads\/2016\/12\/Dr_Colin_Vickers_20150414_1_DSC_6274-6-230x230.jpg 230w, https:\/\/www.drfoto.at\/wp-content\/uploads\/2016\/12\/Dr_Colin_Vickers_20150414_1_DSC_6274-6-350x350.jpg 350w, https:\/\/www.drfoto.at\/wp-content\/uploads\/2016\/12\/Dr_Colin_Vickers_20150414_1_DSC_6274-6-45x45.jpg 45w, https:\/\/www.drfoto.at\/wp-content\/uploads\/2016\/12\/Dr_Colin_Vickers_20150414_1_DSC_6274-6-200x200.jpg 200w, https:\/\/www.drfoto.at\/wp-content\/uploads\/2016\/12\/Dr_Colin_Vickers_20150414_1_DSC_6274-6-400x400.jpg 400w, https:\/\/www.drfoto.at\/wp-content\/uploads\/2016\/12\/Dr_Colin_Vickers_20150414_1_DSC_6274-6.jpg 1000w\" sizes=\"auto, (max-width: 480px) 100vw, 480px\" \/><\/a><\/div><div class=\"project-item item isotope-item german \"><a class=\"project-pop-wrap\" href=\"https:\/\/www.drfoto.at\/de\/boudoir\/\"><div class=\"project-pop\"><\/div><div class=\"project-title-wrap\"><div class=\"project-title\"><span>Boudoir<br>Fotoshootings<\/span><\/div><\/div><\/a><a href=\"https:\/\/www.drfoto.at\/de\/boudoir\/\"><img loading=\"lazy\" decoding=\"async\" width=\"480\" height=\"480\" src=\"https:\/\/www.drfoto.at\/wp-content\/uploads\/2016\/12\/Dr_Colin_Vickers_20100708_1_IMG_8768-480x480.jpg\" class=\"attachment-sydney-mas-thumb size-sydney-mas-thumb wp-post-image\" alt=\"Boudoir Fotograf Wien\" srcset=\"https:\/\/www.drfoto.at\/wp-content\/uploads\/2016\/12\/Dr_Colin_Vickers_20100708_1_IMG_8768-480x480.jpg 480w, https:\/\/www.drfoto.at\/wp-content\/uploads\/2016\/12\/Dr_Colin_Vickers_20100708_1_IMG_8768-300x300.jpg 300w, https:\/\/www.drfoto.at\/wp-content\/uploads\/2016\/12\/Dr_Colin_Vickers_20100708_1_IMG_8768-100x100.jpg 100w, https:\/\/www.drfoto.at\/wp-content\/uploads\/2016\/12\/Dr_Colin_Vickers_20100708_1_IMG_8768-600x600.jpg 600w, https:\/\/www.drfoto.at\/wp-content\/uploads\/2016\/12\/Dr_Colin_Vickers_20100708_1_IMG_8768-150x150.jpg 150w, https:\/\/www.drfoto.at\/wp-content\/uploads\/2016\/12\/Dr_Colin_Vickers_20100708_1_IMG_8768-768x768.jpg 768w, https:\/\/www.drfoto.at\/wp-content\/uploads\/2016\/12\/Dr_Colin_Vickers_20100708_1_IMG_8768-830x830.jpg 830w, https:\/\/www.drfoto.at\/wp-content\/uploads\/2016\/12\/Dr_Colin_Vickers_20100708_1_IMG_8768-230x230.jpg 230w, https:\/\/www.drfoto.at\/wp-content\/uploads\/2016\/12\/Dr_Colin_Vickers_20100708_1_IMG_8768-350x350.jpg 350w, https:\/\/www.drfoto.at\/wp-content\/uploads\/2016\/12\/Dr_Colin_Vickers_20100708_1_IMG_8768-45x45.jpg 45w, https:\/\/www.drfoto.at\/wp-content\/uploads\/2016\/12\/Dr_Colin_Vickers_20100708_1_IMG_8768-200x200.jpg 200w, https:\/\/www.drfoto.at\/wp-content\/uploads\/2016\/12\/Dr_Colin_Vickers_20100708_1_IMG_8768-400x400.jpg 400w, https:\/\/www.drfoto.at\/wp-content\/uploads\/2016\/12\/Dr_Colin_Vickers_20100708_1_IMG_8768.jpg 1000w\" sizes=\"auto, (max-width: 480px) 100vw, 480px\" \/><\/a><\/div><div class=\"project-item item isotope-item german \"><a class=\"project-pop-wrap\" href=\"https:\/\/www.drfoto.at\/de\/workshops\/\"><div class=\"project-pop\"><\/div><div class=\"project-title-wrap\"><div class=\"project-title\"><span>Foto<br>Workshops<\/span><\/div><\/div><\/a><a href=\"https:\/\/www.drfoto.at\/de\/workshops\/\"><img loading=\"lazy\" decoding=\"async\" width=\"480\" height=\"480\" src=\"https:\/\/www.drfoto.at\/wp-content\/uploads\/2016\/12\/Dr_Colin_Vickers_20150329_1_DSC_9911-480x480.jpg\" class=\"attachment-sydney-mas-thumb size-sydney-mas-thumb wp-post-image\" alt=\"Fotografie Workshops in Wien\" srcset=\"https:\/\/www.drfoto.at\/wp-content\/uploads\/2016\/12\/Dr_Colin_Vickers_20150329_1_DSC_9911-480x480.jpg 480w, https:\/\/www.drfoto.at\/wp-content\/uploads\/2016\/12\/Dr_Colin_Vickers_20150329_1_DSC_9911-300x300.jpg 300w, https:\/\/www.drfoto.at\/wp-content\/uploads\/2016\/12\/Dr_Colin_Vickers_20150329_1_DSC_9911-100x100.jpg 100w, https:\/\/www.drfoto.at\/wp-content\/uploads\/2016\/12\/Dr_Colin_Vickers_20150329_1_DSC_9911-600x600.jpg 600w, https:\/\/www.drfoto.at\/wp-content\/uploads\/2016\/12\/Dr_Colin_Vickers_20150329_1_DSC_9911-150x150.jpg 150w, https:\/\/www.drfoto.at\/wp-content\/uploads\/2016\/12\/Dr_Colin_Vickers_20150329_1_DSC_9911-768x768.jpg 768w, https:\/\/www.drfoto.at\/wp-content\/uploads\/2016\/12\/Dr_Colin_Vickers_20150329_1_DSC_9911-1024x1024.jpg 1024w, https:\/\/www.drfoto.at\/wp-content\/uploads\/2016\/12\/Dr_Colin_Vickers_20150329_1_DSC_9911-830x830.jpg 830w, https:\/\/www.drfoto.at\/wp-content\/uploads\/2016\/12\/Dr_Colin_Vickers_20150329_1_DSC_9911-230x230.jpg 230w, https:\/\/www.drfoto.at\/wp-content\/uploads\/2016\/12\/Dr_Colin_Vickers_20150329_1_DSC_9911-350x350.jpg 350w, https:\/\/www.drfoto.at\/wp-content\/uploads\/2016\/12\/Dr_Colin_Vickers_20150329_1_DSC_9911-45x45.jpg 45w, https:\/\/www.drfoto.at\/wp-content\/uploads\/2016\/12\/Dr_Colin_Vickers_20150329_1_DSC_9911-200x200.jpg 200w, https:\/\/www.drfoto.at\/wp-content\/uploads\/2016\/12\/Dr_Colin_Vickers_20150329_1_DSC_9911-400x400.jpg 400w, https:\/\/www.drfoto.at\/wp-content\/uploads\/2016\/12\/Dr_Colin_Vickers_20150329_1_DSC_9911.jpg 1200w\" sizes=\"auto, (max-width: 480px) 100vw, 480px\" \/><\/a><\/div><\/div><\/div><\/div><!-- \/.project-wrap --><\/div><\/div><div id=\"panel-1565-0-0-11\" class=\"so-panel widget widget_sow-editor\" data-index=\"11\" ><div style=\"text-align: center;\" data-title-color=\"#443f3f\" data-headings-color=\"#443f3f\" class=\"panel-widget-style panel-widget-style-for-1565-0-0-11\" ><div\n\t\t\t\n\t\t\tclass=\"so-widget-sow-editor so-widget-sow-editor-base\"\n\t\t\t\n\t\t>\n<div class=\"siteorigin-widget-tinymce textwidget\">\n\t<p>&nbsp;<br \/>\n<a href='https:\/\/www.drfoto.at\/de\/contact' onclick='' class='wpi_designer_button   wpi_shadow wpi_shadow_2px wpi_text_shadow_no wpi_texture_no wpi_border_all wpi_padding_10px wpi_7px wpi_designer_button_1168 wpi_icon wpi_icon_play wpi_icon_right  ' target='' rel=''><span class='wpi_text'>Kontaktieren Sie mich<\/span><i class=''><\/i><\/a><br \/>\n&nbsp;<\/p>\n<hr \/>\n<p><em>Ich bin in England geboren und habe f\u00fcr meinen Bachelor und mein Doktorat am Imperial College, London studiert. Im 2008 habe ich mein Fotostudio im Herzen Wiens eingerichtet und seitdem habe ich mehrere Austellungen gehabt und meine Fotos haben viele Preise gewonnen. <\/p>\n<p>Neben k\u00fcnstlerischen Fotoshootings bin ich auch als Hochzeitsfotograf oder Portr\u00e4tfotograf buchbar und kann mit englisch- und deutschsprachigem Klientel arbeiten<\/em><\/p>\n<\/div>\n<\/div><\/div><\/div><div id=\"panel-1565-0-0-12\" class=\"so-panel widget widget_shortcodes-ultimate shortcodes-ultimate panel-last-child\" data-index=\"12\" ><div style=\"text-align: left;\" data-title-color=\"#443f3f\" data-headings-color=\"#443f3f\" class=\"panel-widget-style panel-widget-style-for-1565-0-0-12\" ><h3 class=\"widget-title\">Shortcodes Ultimate<\/h3><div class=\"textwidget\"><\/div><\/div><\/div><\/div><\/div><\/div><\/div>","protected":false},"excerpt":{"rendered":"<p class=\"qtranxs-available-languages-message qtranxs-available-languages-message-de\">Leider ist der Eintrag nur auf <a href=\"https:\/\/www.drfoto.at\/en\/wp-json\/wp\/v2\/pages\/1565\" class=\"qtranxs-available-language-link qtranxs-available-language-link-en\" title=\"English\">English<\/a> verf\u00fcgbar.<\/p>\n","protected":false},"author":1,"featured_media":1510,"parent":0,"menu_order":0,"comment_status":"closed","ping_status":"closed","template":"","meta":{"footnotes":""},"class_list":["post-1565","page","type-page","status-publish","has-post-thumbnail","hentry"],"_links":{"self":[{"href":"https:\/\/www.drfoto.at\/de\/wp-json\/wp\/v2\/pages\/1565","targetHints":{"allow":["GET"]}}],"collection":[{"href":"https:\/\/www.drfoto.at\/de\/wp-json\/wp\/v2\/pages"}],"about":[{"href":"https:\/\/www.drfoto.at\/de\/wp-json\/wp\/v2\/types\/page"}],"author":[{"embeddable":true,"href":"https:\/\/www.drfoto.at\/de\/wp-json\/wp\/v2\/users\/1"}],"replies":[{"embeddable":true,"href":"https:\/\/www.drfoto.at\/de\/wp-json\/wp\/v2\/comments?post=1565"}],"version-history":[{"count":361,"href":"https:\/\/www.drfoto.at\/de\/wp-json\/wp\/v2\/pages\/1565\/revisions"}],"predecessor-version":[{"id":7134,"href":"https:\/\/www.drfoto.at\/de\/wp-json\/wp\/v2\/pages\/1565\/revisions\/7134"}],"wp:featuredmedia":[{"embeddable":true,"href":"https:\/\/www.drfoto.at\/de\/wp-json\/wp\/v2\/media\/1510"}],"wp:attachment":[{"href":"https:\/\/www.drfoto.at\/de\/wp-json\/wp\/v2\/media?parent=1565"}],"curies":[{"name":"wp","href":"https:\/\/api.w.org\/{rel}","templated":true}]}}